{"id":29399,"date":"2024-06-21T16:55:10","date_gmt":"2024-06-21T14:55:10","guid":{"rendered":"https:\/\/www.leadfactory.com\/?post_type=product&#038;p=29399"},"modified":"2024-06-21T16:59:57","modified_gmt":"2024-06-21T14:59:57","slug":"leadqualifizierung-per-email","status":"publish","type":"product","link":"https:\/\/www.leadfactory.com\/en\/produkt\/leadqualifizierung-per-email\/","title":{"rendered":"Leadqualifizierung per eMail"},"content":{"rendered":"<p>Unser Angebot zur professionellen <strong>eMail Nachqualifizierung<\/strong> qualifiziert Ihre <a href=\"https:\/\/www.leadfactory.com\/unsere-produkte\/mql-lead-lp\/\">Marketing Qualified Leads (MQL)<\/a>\u00a0weiter. Dabei wird sich ausschlie\u00dflich auf\u00a0 Ihre neuen Leads aus der vorangegangenen Kampagne konzentriert. Leistungen umfassen:<\/p>\n<ul>\n<li>Bereitstellung einer professionellen eMail Umgebung aus dem Leadfactory Team<\/li>\n<li><strong>Wiederholte Ansprache und Nachfassen der Leads per eMail<\/strong> bis im Dialog mit dem Interessenten eine <strong>finale Aussage\u00a0zum weiteren Vorgehen<\/strong>\u00a0erzielt wird. Ergebnisse sind: a. ein Termin- oder Beratungswunsch, b. erg\u00e4nzende Unterlagen, c. zuk\u00fcnftige Terminierung erw\u00fcnscht, d. aktuell kein Interesse)<\/li>\n<li><strong>Abrechnungseinheit<\/strong>: die Anzahl der per Mail zu qualifizierenden Leads<\/li>\n<\/ul>\n","protected":false},"excerpt":{"rendered":"<p>Unser Angebot zur professionellen <strong>eMail Nachqualifizierung<\/strong> qualifiziert Ihre <a href=\"https:\/\/www.leadfactory.com\/unsere-produkte\/mql-lead-lp\/\">Marketing Qualified Leads (MQL)<\/a>\u00a0weiter. Dabei wird sich ausschlie\u00dflich auf\u00a0 Ihre neuen Leads aus der vorangegangenen Kampagne konzentriert. Leistungen umfassen:<\/p>\n<ul>\n<li>Bereitstellung einer professionellen eMail Umgebung aus dem Leadfactory Team<\/li>\n<li><strong>Wiederholte Ansprache und Nachfassen der Leads per eMail<\/strong> bis im Dialog mit dem Interessenten eine <strong>finale Aussage\u00a0zum weiteren Vorgehen<\/strong>\u00a0erzielt wird. Ergebnisse sind: a. ein Termin- oder Beratungswunsch, b. erg\u00e4nzende Unterlagen, c. zuk\u00fcnftige Terminierung erw\u00fcnscht, d. aktuell kein Interesse)<\/li>\n<li><strong>Abrechnungseinheit<\/strong>: die Anzahl der per Mail zu qualifizierenden Leads<\/li>\n<\/ul>\n","protected":false},"featured_media":17607,"comment_status":"open","ping_status":"closed","template":"","meta":{"content-type":""},"product_cat":[439],"product_tag":[],"class_list":["post-29399","product","type-product","status-publish","has-post-thumbnail","hentry","product_cat-service","tm-no-options"],"aioseo_notices":[],"jetpack_sharing_enabled":true,"_links":{"self":[{"href":"https:\/\/www.leadfactory.com\/en\/wp-json\/wp\/v2\/product\/29399"}],"collection":[{"href":"https:\/\/www.leadfactory.com\/en\/wp-json\/wp\/v2\/product"}],"about":[{"href":"https:\/\/www.leadfactory.com\/en\/wp-json\/wp\/v2\/types\/product"}],"replies":[{"embeddable":true,"href":"https:\/\/www.leadfactory.com\/en\/wp-json\/wp\/v2\/comments?post=29399"}],"wp:featuredmedia":[{"embeddable":true,"href":"https:\/\/www.leadfactory.com\/en\/wp-json\/wp\/v2\/media\/17607"}],"wp:attachment":[{"href":"https:\/\/www.leadfactory.com\/en\/wp-json\/wp\/v2\/media?parent=29399"}],"wp:term":[{"taxonomy":"product_cat","embeddable":true,"href":"https:\/\/www.leadfactory.com\/en\/wp-json\/wp\/v2\/product_cat?post=29399"},{"taxonomy":"product_tag","embeddable":true,"href":"https:\/\/www.leadfactory.com\/en\/wp-json\/wp\/v2\/product_tag?post=29399"}],"curies":[{"name":"wp","href":"https:\/\/api.w.org\/{rel}","templated":true}]}}