{"id":29036,"date":"2024-02-13T12:21:20","date_gmt":"2024-02-13T10:21:20","guid":{"rendered":"https:\/\/www.leadfactory.com\/?post_type=product&#038;p=29036"},"modified":"2024-03-05T15:54:59","modified_gmt":"2024-03-05T13:54:59","slug":"content-hosting","status":"publish","type":"product","link":"https:\/\/www.leadfactory.com\/en\/produkt\/content-hosting\/","title":{"rendered":"Content Hosting"},"content":{"rendered":"<h2>Mehr Reichweite, Awareness und Leads durch Content Hosting im Business.today Network<\/h2>\n<p><strong>Als Unternehmen wollen Sie Fachentscheider aus Ihrem Themenumfeld<\/strong> wie IT, Marketing, HR, Wirtschaft, Industrie, Handel oder Wissenschaft <strong>erreichen.<\/strong> Das Business.today Network betreibt insgesamt 5 Fach- und Themenportale, auf denen wir Ihren Content ver\u00f6ffentlichen k\u00f6nnen. Die Portale richten sich an Zielgruppen und Leser mit explizitem B2B-Hintergrund.<\/p>\n<h3>Das Produkt Content Hosting<\/h3>\n<p>Sie haben ein oder mehrere Content Assets, mit denen Sie Awareness, Reichweite und Leads generieren wollen. Dabei kann es sich um Whitepaper, E-Books, Webinare o.\u00e4. handeln. <strong>Jedes Content Asset, dass wir f\u00fcr Sie hosten, beinhaltet einen kurzen Sponsored Post*, eine Bewerbung in unseren Themen Newslettern** und <\/strong>wird on-top<strong>\u00a0 auf B2B-Social (LinkedIn) geteilt**<\/strong><strong>.<\/strong><\/p>\n<h3>Ihre Zielgruppe: B2B-Entscheider<\/h3>\n<p>Die Customer Journey wird mit jedem Jahr komplexer. Die Anforderungen denen Sie gerecht m\u00fcssen, um f\u00fcr Ihre Wunschzielgruppe relevant zu bleiben, werden es auch. Mit Ihrem hochwertigen Content und unseren reichweitenstarken Portalen und Medien gewinnen Sie Traffic, Conversions und sogar neue Leads in Form DSGVO-konformer B2B-Fachentscheider.<\/p>\n<h3>Unsere Fachportale<\/h3>\n<p>\u00dcber unsere Portale erreichen Sie monatlich \u00fcber 250.000 B2B Fachentscheider. In dieser Zielgruppe k\u00f6nnen Sie mit Ihrem Content Ihre Marketing Botschaften direkt an die Ihre Zielgruppe adressieren.<\/p>\n<p><a href=\"https:\/\/www.it-management.today\/\" target=\"_blank\" rel=\"noopener\">IT-Management.today<\/a><\/p>\n<p><a href=\"https:\/\/www.personalleiter.today\/\" target=\"_blank\" rel=\"noopener\">Personalleiter.today<\/a><\/p>\n<p><a href=\"https:\/\/www.marketingleiter.today\/\" target=\"_blank\" rel=\"noopener\">Marketingleiter.today<\/a><\/p>\n<p><a href=\"https:\/\/www.businessleader.today\/\" target=\"_blank\" rel=\"noopener\">Businessleader.today<\/a><\/p>\n<p><a href=\"https:\/\/www.produktionsleiter.today\/\" target=\"_blank\" rel=\"noopener\">Produktionsleiter.today<\/a><\/p>\n<h3>Unser Content-Hosting Paket im \u00dcberblick:<\/h3>\n<p>Alle Elemente bieten Ihren Kampagnen viele M\u00f6glichkeiten. Nutzen Sie diese! Das Business.today Network steht Ihnen als starker Content Partner zur Seite:<\/p>\n<ul>\n<li>Top-Platzierung auf der Startseite im ersten Monat nach Ver\u00f6ffentlichung<\/li>\n<li>Kennzeichnung Ihres Artikels als <strong>Gastbeitrag<\/strong> mit &#8220;<strong>do-follow&#8221; Link<\/strong><\/li>\n<li>Integration in Themen-Channels<\/li>\n<li>Platzierung in reichweitenstarken, themenspezifischen<strong> Newslettern mit bis zu 71.500 Empf\u00e4ngern*<\/strong><\/li>\n<li>Platzierung im passenden Themenumfeld auf <strong>LinkedIn mit einer Reichweite von ca. 30.000 Followern*<\/strong><\/li>\n<li>u.v.m.<\/li>\n<\/ul>\n<h3>Buchen Sie jetzt um mit <a href=\"https:\/\/www.btn-media.com\/\">Business.today\u00a0Network<\/a> neue Kunden zu gewinnen.<\/h3>\n<p>Das sind die n\u00e4chsten Schritte, nachdem Sie das Content Hosting gebucht haben:<\/p>\n<ol>\n<li>Sie reichen bei uns den Text,\u00a0Keywords, Links und Bilder zur Ver\u00f6ffentlichung ein oder unser erfahrenes Redaktionsteam k\u00fcmmert sich<br \/>\num den Content Ihres Sponsored Post.<\/li>\n<li>Je nach Auftrag pr\u00fcft unsere Redaktion Ihren Text oder verfasst\u00a0einen aussagekr\u00e4ftigen, redaktionellen Fachartikel.<\/li>\n<li>Anschlie\u00dfend wird Ihr Sponsored Post Ihren W\u00fcnschen\u00a0entsprechend auf einem unserer 14 Themenportale ver\u00f6ffentlicht.<\/li>\n<li>Er erscheint in den Top News, in Social-Media-Inhalten und im Themen-Newsletter des Portals.<\/li>\n<li>Schlussendlich erhalten Sie einmal im Monat von\u00a0uns ein ausf\u00fchrliches Reporting, in dem wir Sie \u00fcber die bereits generierten Pageviews \/ Klicks \/ Leads informieren.<\/li>\n<\/ol>\n<p>&nbsp;<\/p>\n<p>* Erstellung erfolgt durch den Kunden<\/p>\n<p>** optionale Leistung im Plus- oder Premium-Paket<\/p>\n","protected":false},"excerpt":{"rendered":"<p>Erzielen Sie mit LeadFactory und<strong>\u00a0Ihren Inhalten die maximale Reichweite im Business.today Network<\/strong>. Generieren Sie <strong>mehr Awareness und mehr Leads<\/strong> f\u00fcr Ihre Marketing- und Salesziele. LeadFactory und das <strong>Business.today Network<\/strong> stehen Ihnen <strong>als starke Content Partner<\/strong> zur Seite.<\/p>\n","protected":false},"featured_media":23226,"comment_status":"closed","ping_status":"closed","template":"","meta":{"content-type":""},"product_cat":[542,431],"product_tag":[],"class_list":["post-29036","product","type-product","status-publish","has-post-thumbnail","hentry","product_cat-content-marketing","product_cat-content-seeding","tm-has-options"],"aioseo_notices":[],"jetpack_sharing_enabled":true,"_links":{"self":[{"href":"https:\/\/www.leadfactory.com\/en\/wp-json\/wp\/v2\/product\/29036"}],"collection":[{"href":"https:\/\/www.leadfactory.com\/en\/wp-json\/wp\/v2\/product"}],"about":[{"href":"https:\/\/www.leadfactory.com\/en\/wp-json\/wp\/v2\/types\/product"}],"replies":[{"embeddable":true,"href":"https:\/\/www.leadfactory.com\/en\/wp-json\/wp\/v2\/comments?post=29036"}],"wp:featuredmedia":[{"embeddable":true,"href":"https:\/\/www.leadfactory.com\/en\/wp-json\/wp\/v2\/media\/23226"}],"wp:attachment":[{"href":"https:\/\/www.leadfactory.com\/en\/wp-json\/wp\/v2\/media?parent=29036"}],"wp:term":[{"taxonomy":"product_cat","embeddable":true,"href":"https:\/\/www.leadfactory.com\/en\/wp-json\/wp\/v2\/product_cat?post=29036"},{"taxonomy":"product_tag","embeddable":true,"href":"https:\/\/www.leadfactory.com\/en\/wp-json\/wp\/v2\/product_tag?post=29036"}],"curies":[{"name":"wp","href":"https:\/\/api.w.org\/{rel}","templated":true}]}}