{"id":17596,"date":"2019-07-06T09:00:09","date_gmt":"2019-07-06T08:00:09","guid":{"rendered":"https:\/\/www.leadfactory.com\/produkt\/import-placeholder-for-17041\/"},"modified":"2024-01-23T16:48:02","modified_gmt":"2024-01-23T14:48:02","slug":"artikelaenderung","status":"publish","type":"product","link":"https:\/\/www.leadfactory.com\/en\/produkt\/artikelaenderung\/","title":{"rendered":"Artikel\u00e4nderung"},"content":{"rendered":"<p>Auftrag zur nachtr\u00e4glichen \u00c4nderung einer Pressemitteilung. \u00c4nderungen sind m\u00f6glich an \u00dcberschrift, Textinhalt und Artikelbild.<\/p>\n","protected":false},"excerpt":{"rendered":"<p>Auftrag zur nachtr\u00e4glichen \u00c4nderung einer Pressemitteilung. \u00c4nderungen sind m\u00f6glich an \u00dcberschrift, Textinhalt und Artikelbild.<\/p>\n","protected":false},"featured_media":17607,"comment_status":"open","ping_status":"closed","template":"","meta":{"content-type":""},"product_cat":[439],"product_tag":[],"class_list":["post-17596","product","type-product","status-publish","has-post-thumbnail","hentry","product_cat-service","tm-no-options"],"aioseo_notices":[],"jetpack_sharing_enabled":true,"_links":{"self":[{"href":"https:\/\/www.leadfactory.com\/en\/wp-json\/wp\/v2\/product\/17596"}],"collection":[{"href":"https:\/\/www.leadfactory.com\/en\/wp-json\/wp\/v2\/product"}],"about":[{"href":"https:\/\/www.leadfactory.com\/en\/wp-json\/wp\/v2\/types\/product"}],"replies":[{"embeddable":true,"href":"https:\/\/www.leadfactory.com\/en\/wp-json\/wp\/v2\/comments?post=17596"}],"wp:featuredmedia":[{"embeddable":true,"href":"https:\/\/www.leadfactory.com\/en\/wp-json\/wp\/v2\/media\/17607"}],"wp:attachment":[{"href":"https:\/\/www.leadfactory.com\/en\/wp-json\/wp\/v2\/media?parent=17596"}],"wp:term":[{"taxonomy":"product_cat","embeddable":true,"href":"https:\/\/www.leadfactory.com\/en\/wp-json\/wp\/v2\/product_cat?post=17596"},{"taxonomy":"product_tag","embeddable":true,"href":"https:\/\/www.leadfactory.com\/en\/wp-json\/wp\/v2\/product_tag?post=17596"}],"curies":[{"name":"wp","href":"https:\/\/api.w.org\/{rel}","templated":true}]}}